{"id":130,"date":"2020-03-03T14:10:19","date_gmt":"2020-03-03T13:10:19","guid":{"rendered":"http:\/\/duudinka.com\/?page_id=130"},"modified":"2023-10-20T00:21:03","modified_gmt":"2023-10-19T22:21:03","slug":"video","status":"publish","type":"page","link":"https:\/\/duudinka.com\/?page_id=130","title":{"rendered":"Video"},"content":{"rendered":"\n<p>Dans l&#8217;envie naissante de travailler le son en rapport avec d&#8217;autres medium, ou formes artistiques, un projet de musique \u00e0 l&#8217;image a vu le jour en 2019.<br>Les images sont prises avec un t\u00e9l\u00e9phone portable, elles correspondent en g\u00e9n\u00e9ral \u00e0 une obsession que je d\u00e9couvre sur le tard. Elles sont ensuite mont\u00e9es et d\u00e9coup\u00e9es, sans pr\u00e9m\u00e9ditation. La cr\u00e9ation sonore est compos\u00e9e en aller-retour avec l&#8217;image.<br><br><em>The urge to connect with other senses and medium. Summer 2019. Some shootings with a phone here and there. Cold and wet, dry and sweet.<\/em><br><em>The sound was created after the video was totally edited, based on harp improvisations and different samples.<\/em><\/p>\n\n\n\n<h2>moza.mb.ic .. long circuits . . short circuits .<\/h2>\n\n\n\n<figure class=\"wp-block-embed-youtube wp-block-embed is-type-video is-provider-youtube wp-embed-aspect-16-9 wp-has-aspect-ratio\"><div class=\"wp-block-embed__wrapper\">\n<iframe title=\"moza.mb.ic .. long circuits . . short circuits .\" width=\"525\" height=\"295\" src=\"https:\/\/www.youtube.com\/embed\/3gIAn9_bxu8?feature=oembed\" frameborder=\"0\" allow=\"accelerometer; autoplay; clipboard-write; encrypted-media; gyroscope; picture-in-picture; web-share\" allowfullscreen><\/iframe>\n<\/div><\/figure>\n\n\n\n<h2> <strong>das Verschieben <em>pas de pl.<\/em><\/strong> <\/h2>\n\n\n\n<figure class=\"wp-block-embed-youtube wp-block-embed is-type-video is-provider-youtube wp-embed-aspect-16-9 wp-has-aspect-ratio\"><div class=\"wp-block-embed__wrapper\">\n<iframe title=\"das Verschieben pas de pl.\" width=\"525\" height=\"295\" src=\"https:\/\/www.youtube.com\/embed\/qgo9Yov4HoU?feature=oembed\" frameborder=\"0\" allow=\"accelerometer; autoplay; clipboard-write; encrypted-media; gyroscope; picture-in-picture; web-share\" allowfullscreen><\/iframe>\n<\/div><\/figure>\n\n\n\n<h2><strong>ef keller<\/strong><\/h2>\n\n\n\n<figure class=\"wp-block-embed-youtube wp-block-embed is-type-video is-provider-youtube wp-embed-aspect-16-9 wp-has-aspect-ratio\"><div class=\"wp-block-embed__wrapper\">\n<iframe title=\"ef keller\" width=\"525\" height=\"295\" src=\"https:\/\/www.youtube.com\/embed\/Pn5oHi_ggi8?feature=oembed\" frameborder=\"0\" allow=\"accelerometer; autoplay; clipboard-write; encrypted-media; gyroscope; picture-in-picture; web-share\" allowfullscreen><\/iframe>\n<\/div><\/figure>\n\n\n\n<h2>swiping cars<\/h2>\n\n\n\n<p>Un carrefour bruxellois, des voitures passent. Chaque direction est associ\u00e9e a un pitch diff\u00e9rent pour la m\u00eame note jou\u00e9e au synth\u00e9.<br><br>Roundabout in Brussels, cars passing by. Every direction is assocaited with a different pitch for the same note from the synth.<br><\/p>\n\n\n\n<figure class=\"wp-block-embed-youtube wp-block-embed is-type-video is-provider-youtube wp-embed-aspect-16-9 wp-has-aspect-ratio\"><div class=\"wp-block-embed__wrapper\">\n<iframe title=\"swiping cars - pietons non inclus\" width=\"525\" height=\"295\" src=\"https:\/\/www.youtube.com\/embed\/q8RpJBOF-wU?feature=oembed\" frameborder=\"0\" allow=\"accelerometer; autoplay; clipboard-write; encrypted-media; gyroscope; picture-in-picture; web-share\" allowfullscreen><\/iframe>\n<\/div><\/figure>\n","protected":false},"excerpt":{"rendered":"<p>Dans l&#8217;envie naissante de travailler le son en rapport avec d&#8217;autres medium, ou formes artistiques, un projet de musique \u00e0 l&#8217;image a vu le jour en 2019.Les images sont prises avec un t\u00e9l\u00e9phone portable, elles correspondent en g\u00e9n\u00e9ral \u00e0 une obsession que je d\u00e9couvre sur le tard. Elles sont ensuite mont\u00e9es et d\u00e9coup\u00e9es, sans pr\u00e9m\u00e9ditation. &hellip; <\/p>\n<p class=\"link-more\"><a href=\"https:\/\/duudinka.com\/?page_id=130\" class=\"more-link\">Continue reading<span class=\"screen-reader-text\"> &#8220;Video&#8221;<\/span><\/a><\/p>\n","protected":false},"author":1,"featured_media":0,"parent":0,"menu_order":0,"comment_status":"closed","ping_status":"closed","template":"","meta":[],"_links":{"self":[{"href":"https:\/\/duudinka.com\/index.php?rest_route=\/wp\/v2\/pages\/130"}],"collection":[{"href":"https:\/\/duudinka.com\/index.php?rest_route=\/wp\/v2\/pages"}],"about":[{"href":"https:\/\/duudinka.com\/index.php?rest_route=\/wp\/v2\/types\/page"}],"author":[{"embeddable":true,"href":"https:\/\/duudinka.com\/index.php?rest_route=\/wp\/v2\/users\/1"}],"replies":[{"embeddable":true,"href":"https:\/\/duudinka.com\/index.php?rest_route=%2Fwp%2Fv2%2Fcomments&post=130"}],"version-history":[{"count":8,"href":"https:\/\/duudinka.com\/index.php?rest_route=\/wp\/v2\/pages\/130\/revisions"}],"predecessor-version":[{"id":420,"href":"https:\/\/duudinka.com\/index.php?rest_route=\/wp\/v2\/pages\/130\/revisions\/420"}],"wp:attachment":[{"href":"https:\/\/duudinka.com\/index.php?rest_route=%2Fwp%2Fv2%2Fmedia&parent=130"}],"curies":[{"name":"wp","href":"https:\/\/api.w.org\/{rel}","templated":true}]}}