{"id":131,"date":"2020-03-03T14:10:19","date_gmt":"2020-03-03T13:10:19","guid":{"rendered":"http:\/\/duudinka.com\/?page_id=131"},"modified":"2026-04-21T00:26:32","modified_gmt":"2026-04-20T22:26:32","slug":"quand-when","status":"publish","type":"page","link":"https:\/\/duudinka.com\/?page_id=131","title":{"rendered":"Quand .."},"content":{"rendered":"\n<p class=\"has-medium-font-size\"><strong>Prochaines Apparitions <\/strong><\/p>\n\n\n\n<p>24-04-2026 le minist\u00e8re dynamique de l&#8217;insubordination, Lyon (Maison de l&#8217;\u00e9cologie, 16h)<br>6-05-2026, le minist\u00e8re dynamique de l&#8217;insubordination, Figeac (L&#8217;arrosoir, 19h30)<br>8-05-2026, le minist\u00e8re dynamique de l&#8217;insubordination, Allex (Chateau Pergaud, 19h30)<br>9-05-2026, le minist\u00e8re dynamique de l&#8217;insubordination, Marseille (L&#8217;extr\u00eame jonglerie, 19h30)<br>24-05-2026 Lisa Bismuth, Mix \u00e0 Karmen Camina, Strasbourg<br><br><strong>Apparitions pass\u00e9es <\/strong><\/p>\n\n\n\n<p>22-02-2026 le minist\u00e8re dynamique de l&#8217;insubordination &#8211; marbr\u00e9 &#8211; Bruxelles<br>07-02-2026 Lisa Bismuth, Mix sur vinyle sur Radio Campus Bruxelles<br>03-02-2026 Lisa Bismuth, Mix sur vinyle sur Radio Campus Bruxelles<br>01-01-2026 Lisa Bismuth, Mix \u00e0 Karmen Camina, Strasbourg <br>27-10-2025 &#8211; guest de St\u00e9phane Odrobinski &#8211; kiosk radio &#8211; online et Bruxelles<br>25-10-2025 &#8211; le minist\u00e8re dynamique de l&#8217;insubordination &#8211; Grand Hospice &#8211; Bruxelles<br>15-12-2024 &#8211; Lou et le myst\u00e8re du cycle doux &#8211; la fonderie &#8211; Bruxelles<br>11-08-2024 le minist\u00e8re dynamique de l&#8217;insubordination -sortie de r\u00e9sidence &#8211; Fabrioles, Figeac<br>9-06-2024 les archivistes de l&#8217;invisible &#8211; Bruxelles<br>11-05-2024 &#8211; le minist\u00e8re dynamique de l&#8217;insubordination -sortie de r\u00e9sidence &#8211; Chateau Pergaud<br>3,4,5-05-2024 &#8211; Terrasse, de Mathis Hans &#8211; INSAS, Bruxelles<br>3,4,5-04.2024 Atelier de cr\u00e9ation sonore &#8211; Laver son linge en 2074 &#8211; Gen\u00e8ve<br>17-01-2024 Table ronde &#8211; Quels m\u00e9tiers pour les ing\u00e9nieurs &#8211; ESPCI, Paris<br>24-10-2023 les cailloux meurent aussi, prix Europa &#8211; Berlin<br>30-06-2023 Concert avec du raifort dans mon ciboire, \u00e0 un peu, Bruxelles<br>24-06-2023 les cailloux meurent aussi au Grand Prix Nova &#8211; Bucarest<br>19-06-2023 \u00e9mission la lutte musicale sur le field recording et la pratique de l&#8217;improvisation &#8211; station station (Paris)<br>27-04-2023 UCL &#8211; les cailloux meurent aussi + discussion (Louvain)<br>09-04-2023 Promenade sonore \u00e0 Moeraske autour de la notion de paysage sonore, avec la CEBE (Evere)<br>24-03-2023 Librairie Par Chemins &#8211; les cailloux meurent aussi + discussion (Forest)<br>21-02.2023 ESPCI &#8211; les cailloux meurent aussi + discussion (Paris)<br>22-11-2022 ADES &#8211; les cailloux meurent aussi perform\u00e9 + discussion  (Saint-Josse)<br>15-10-2022 la chemin\u00e9e, concert Duu Din Ka (Forest)<br>24-09-2022 Citizen Corner, concert du raifort dans mon ciboire  (Schaerbeek)<br>28-08-2022 Radio Vostok &#8211; les cailloux meurent aussi +interview (Suisse)<br>26-08-2022 Fariboles d&#8217;Herbemols &#8211; les cailloux meurent aussi (Lot, France)<br>17-08-2022 Radio Escapade &#8211; les cailloux meurent aussi (Gard, France)<br>01-08-2022 15h Radio Campus &#8211; les cailloux meurent aussi (Bruxelles)<br>20-07-2022 12h Radio Panik &#8211; les cailloux meurent aussi (Bruxelles)<br>30-06-2022 Ecoute collective &#8211; les cailloux meurent aussi &#8211; \u00e0 la vieille ch\u00e9chette (Saint-Gilles)<br>28-05-2022 Modave, concert Duu Din Ka + Tom (Belgique)<br>18-12-2021 Owls, concert du raifort dans mon ciboire (Bruxelles) <br>19-11-2021 Radio Publik, concert du raifort dans mon ciboire (Bruxelles) <br>15-09-2021 Radio Pogge, concert du raifort dans mon ciboire, (Schaerbeek)<br>18-06-2021 Moeraske, projet <em>Fronti\u00e8res<\/em> (Evere)<br>11,12-06-2021 Espace Vanderborght, exposition (Bruxelles)<br>20-03-2020 100 Radio &#8211; Journ\u00e9es Portes Ouvertes des Beaux-Arts, concert du raifort dans mon ciboire (Bruxelles)<br>29-02-2020 &#8211; L&#8217;autre Caserne, concert Duu Din Ka (Bruxelles)<br>29-06-2019 &#8211; Mechoui, concert Duu Din Ka (Villejuif)<br>09-06-2019 &#8211; Landy Sauvage, concert Duu Din Ka (Aubervilliers)<br>27-05-2019 &#8211; Fabrica, concert Duu Din Ka (Aubervilliers)<br>30-06-2018 &#8211; Mechoui, concert Duu Din Ka (Villejuif)<br>03-06-2018 &#8211; Le Clos Sauvage, concert Duu Din Ka (Aubervilliers)<br>10-06-2017 &#8211; Mechoui, concert Duu Din Ka (Villejuif)<\/p>\n\n\n\n<figure class=\"wp-block-image\"><img loading=\"lazy\" width=\"1024\" height=\"576\" src=\"http:\/\/duudinka.com\/wp-content\/uploads\/2020\/04\/vlcsnap-2020-04-19-16h15m46s647-1024x576.png\" alt=\"\" class=\"wp-image-164\" srcset=\"https:\/\/duudinka.com\/wp-content\/uploads\/2020\/04\/vlcsnap-2020-04-19-16h15m46s647-1024x576.png 1024w, https:\/\/duudinka.com\/wp-content\/uploads\/2020\/04\/vlcsnap-2020-04-19-16h15m46s647-300x169.png 300w, https:\/\/duudinka.com\/wp-content\/uploads\/2020\/04\/vlcsnap-2020-04-19-16h15m46s647-768x432.png 768w, https:\/\/duudinka.com\/wp-content\/uploads\/2020\/04\/vlcsnap-2020-04-19-16h15m46s647.png 1920w\" sizes=\"(max-width: 767px) 89vw, (max-width: 1000px) 54vw, (max-width: 1071px) 543px, 580px\" \/><\/figure>\n","protected":false},"excerpt":{"rendered":"<p>Prochaines Apparitions 24-04-2026 le minist\u00e8re dynamique de l&#8217;insubordination, Lyon (Maison de l&#8217;\u00e9cologie, 16h)6-05-2026, le minist\u00e8re dynamique de l&#8217;insubordination, Figeac (L&#8217;arrosoir, 19h30)8-05-2026, le minist\u00e8re dynamique de l&#8217;insubordination, Allex (Chateau Pergaud, 19h30)9-05-2026, le minist\u00e8re dynamique de l&#8217;insubordination, Marseille (L&#8217;extr\u00eame jonglerie, 19h30)24-05-2026 Lisa Bismuth, Mix \u00e0 Karmen Camina, Strasbourg Apparitions pass\u00e9es 22-02-2026 le minist\u00e8re dynamique de l&#8217;insubordination &#8211; &hellip; <\/p>\n<p class=\"link-more\"><a href=\"https:\/\/duudinka.com\/?page_id=131\" class=\"more-link\">Continue reading<span class=\"screen-reader-text\"> &#8220;Quand ..&#8221;<\/span><\/a><\/p>\n","protected":false},"author":1,"featured_media":0,"parent":0,"menu_order":0,"comment_status":"closed","ping_status":"closed","template":"","meta":[],"_links":{"self":[{"href":"https:\/\/duudinka.com\/index.php?rest_route=\/wp\/v2\/pages\/131"}],"collection":[{"href":"https:\/\/duudinka.com\/index.php?rest_route=\/wp\/v2\/pages"}],"about":[{"href":"https:\/\/duudinka.com\/index.php?rest_route=\/wp\/v2\/types\/page"}],"author":[{"embeddable":true,"href":"https:\/\/duudinka.com\/index.php?rest_route=\/wp\/v2\/users\/1"}],"replies":[{"embeddable":true,"href":"https:\/\/duudinka.com\/index.php?rest_route=%2Fwp%2Fv2%2Fcomments&post=131"}],"version-history":[{"count":31,"href":"https:\/\/duudinka.com\/index.php?rest_route=\/wp\/v2\/pages\/131\/revisions"}],"predecessor-version":[{"id":491,"href":"https:\/\/duudinka.com\/index.php?rest_route=\/wp\/v2\/pages\/131\/revisions\/491"}],"wp:attachment":[{"href":"https:\/\/duudinka.com\/index.php?rest_route=%2Fwp%2Fv2%2Fmedia&parent=131"}],"curies":[{"name":"wp","href":"https:\/\/api.w.org\/{rel}","templated":true}]}}