{"id":210,"date":"2020-09-14T11:30:26","date_gmt":"2020-09-14T09:30:26","guid":{"rendered":"http:\/\/duudinka.com\/?page_id=210"},"modified":"2021-01-18T22:44:43","modified_gmt":"2021-01-18T21:44:43","slug":"myth-debunker","status":"publish","type":"page","link":"https:\/\/duudinka.com\/?page_id=210","title":{"rendered":"XR Myth Debunker"},"content":{"rendered":"\n<p>Un groupe d&#8217;activistes du mouvement Extinction Rebellion a d\u00e9cid\u00e9 d\u2019\u00e9crire des articles sourc\u00e9s et accessibles sur les grands mythes largement r\u00e9pandus, en particulier qui concernent les questions de climat, soci\u00e9t\u00e9, environnement, urbanisme&#8230;<br><br>De ces articles sont apparus des podcasts, une adaptation sonore des versions francophones des articles.<br><br><\/p>\n\n\n\n<p><em>A group of activists of the Extinction Rebellion movement decided to write sourced and accessible articles on the great myths that are widely spread, particularly those concerning climate, society, environment, urbanism\u2026 These articles were adapted into podcasts, a translation of the French versions of the articles into sound.<\/em><\/p>\n\n\n\n<h2>Mythe 1 : les villes sont l&#8217;avenir<\/h2>\n\n\n\n<p>La densification de logement repr\u00e9sente-t-elle l&#8217;avenir de l&#8217;habitat ? Les robots desherbeurs sont-ils une solution ?<br>Auteur de l&#8217;article : Valsilver<br>A ecouter <a href=\"https:\/\/soundcloud.com\/user-172355629\/mythe-1-les-villes-sont-lavenir\" data-type=\"URL\" data-id=\"https:\/\/soundcloud.com\/user-172355629\/mythe-1-les-villes-sont-lavenir\">ici<\/a><br>A lire <a href=\"https:\/\/gate.sc\/?url=https%3A%2F%2Fwww.extinctionrebellion.be%2Ffr%2Fblog%2F2020%2F06%2F14%2Fmyth-1-cities-are-the-future&amp;token=292c91-1-1600083378695\" data-type=\"URL\" data-id=\"https:\/\/gate.sc\/?url=https%3A%2F%2Fwww.extinctionrebellion.be%2Ffr%2Fblog%2F2020%2F06%2F14%2Fmyth-1-cities-are-the-future&amp;token=292c91-1-1600083378695\">ici<\/a> (NL &amp; EN disponibles)<\/p>\n\n\n\n<h2>Mythe 2 : la 4e r\u00e9volution industrielle nous sauvera<\/h2>\n\n\n\n<p>La r\u00e9volution num\u00e9rique est-elle  la panac\u00e9e comme on l&#8217;entend souvent, cr\u00e9e-t-elle les emplois escomptes, r\u00e9duit-elle la consommation d\u2019\u00e9nergie ?<br>Auteur de l&#8217;article : Capello<br>A \u00e9couter <a href=\"https:\/\/soundcloud.com\/user-172355629\/mythe-2-la-4e-revolution-industrielle-nous-sauvera\" data-type=\"URL\" data-id=\"https:\/\/soundcloud.com\/user-172355629\/mythe-2-la-4e-revolution-industrielle-nous-sauvera\">ici<\/a><br>A lire <a href=\"https:\/\/www.extinctionrebellion.be\/fr\/blog\/2020\/08\/29\/the-wonders-of-the-4th-industrial-revolution\" data-type=\"URL\" data-id=\"https:\/\/www.extinctionrebellion.be\/fr\/blog\/2020\/08\/29\/the-wonders-of-the-4th-industrial-revolution\">ici<\/a> (NL &amp; EN disponibles)<\/p>\n\n\n\n<h2>Mythe 3 : l&#8217;homme est un loup pour l&#8217;homme<\/h2>\n\n\n\n<p>Comment le marketing exploite-t-il le d\u00e9terminisme biologique ?<br>Le d\u00e9terminisme biologique va-t-il toujours dans la &#8220;mauvaise&#8221; direction ?<br>Quels sont les autres outils qui nous aident \u00e0 comprendre comment nous avons atteint cette situation totalement surr\u00e9aliste o\u00f9 nous pourrions dispara\u00eetre juste pour qu&#8217;une bande d&#8217;hommes cis blancs se pr\u00e9lassent \u00e0 c\u00f4t\u00e9 de leur piscine ?<br>Pourquoi n&#8217;est-ce pas la meilleure id\u00e9e de mettre les joueurs de football les mieux pay\u00e9s dans la m\u00eame \u00e9quipe ?<\/p>\n\n\n\n<p><br>Auteur de l&#8217;article : Duu Din Ka<br>A \u00e9couter <a href=\"https:\/\/soundcloud.com\/user-172355629\/mythe-3-lhomme-est-un-loup-pour-lhomme\" data-type=\"URL\" data-id=\"https:\/\/soundcloud.com\/user-172355629\/mythe-3-lhomme-est-un-loup-pour-lhomme\">ici<\/a><br>A lire <a href=\"https:\/\/www.extinctionrebellion.be\/fr\/blog\/2020\/09\/27\/debunking-myths-3-homo-hominis-lupus-est\" data-type=\"URL\" data-id=\"https:\/\/www.extinctionrebellion.be\/fr\/blog\/2020\/09\/27\/debunking-myths-3-homo-hominis-lupus-est\">ici<\/a> (NL &amp; EN disponibles)<\/p>\n","protected":false},"excerpt":{"rendered":"<p>Un groupe d&#8217;activistes du mouvement Extinction Rebellion a d\u00e9cid\u00e9 d\u2019\u00e9crire des articles sourc\u00e9s et accessibles sur les grands mythes largement r\u00e9pandus, en particulier qui concernent les questions de climat, soci\u00e9t\u00e9, environnement, urbanisme&#8230; De ces articles sont apparus des podcasts, une adaptation sonore des versions francophones des articles. A group of activists of the Extinction Rebellion &hellip; <\/p>\n<p class=\"link-more\"><a href=\"https:\/\/duudinka.com\/?page_id=210\" class=\"more-link\">Continue reading<span class=\"screen-reader-text\"> &#8220;XR Myth Debunker&#8221;<\/span><\/a><\/p>\n","protected":false},"author":1,"featured_media":0,"parent":0,"menu_order":0,"comment_status":"closed","ping_status":"closed","template":"","meta":[],"_links":{"self":[{"href":"https:\/\/duudinka.com\/index.php?rest_route=\/wp\/v2\/pages\/210"}],"collection":[{"href":"https:\/\/duudinka.com\/index.php?rest_route=\/wp\/v2\/pages"}],"about":[{"href":"https:\/\/duudinka.com\/index.php?rest_route=\/wp\/v2\/types\/page"}],"author":[{"embeddable":true,"href":"https:\/\/duudinka.com\/index.php?rest_route=\/wp\/v2\/users\/1"}],"replies":[{"embeddable":true,"href":"https:\/\/duudinka.com\/index.php?rest_route=%2Fwp%2Fv2%2Fcomments&post=210"}],"version-history":[{"count":5,"href":"https:\/\/duudinka.com\/index.php?rest_route=\/wp\/v2\/pages\/210\/revisions"}],"predecessor-version":[{"id":236,"href":"https:\/\/duudinka.com\/index.php?rest_route=\/wp\/v2\/pages\/210\/revisions\/236"}],"wp:attachment":[{"href":"https:\/\/duudinka.com\/index.php?rest_route=%2Fwp%2Fv2%2Fmedia&parent=210"}],"curies":[{"name":"wp","href":"https:\/\/api.w.org\/{rel}","templated":true}]}}