{"id":246,"date":"2021-06-11T00:33:55","date_gmt":"2021-06-10T22:33:55","guid":{"rendered":"http:\/\/duudinka.com\/?page_id=246"},"modified":"2021-06-21T12:10:03","modified_gmt":"2021-06-21T10:10:03","slug":"installation","status":"publish","type":"page","link":"https:\/\/duudinka.com\/?page_id=246","title":{"rendered":"Installation"},"content":{"rendered":"\n<h3>du dentifrice sur nos graviers<\/h3>\n\n\n\n<p>Cette installation<strong> <\/strong>est la porte que l\u2019on ferme depuis des ann\u00e9es. Une porte dont \u00e9mane du son. L\u2019installation se situe au croisement entre le patrimoine sonore d\u2019une maison familiale vou\u00e9e \u00e0 changer de mains et le d\u00e9sir de conjuguer les \u00e9chos estivaux enfantins aux amiti\u00e9s adultes. Est-ce que toute construction d\u2019un pr\u00e9sent s\u2019accompagne soit d\u2019une d\u00e9construction du pass\u00e9, soit de la construction d\u2019un nouveau pass\u00e9&nbsp;?<\/p>\n\n\n\n<figure class=\"wp-block-image size-large\"><img loading=\"lazy\" width=\"768\" height=\"1024\" src=\"https:\/\/duudinka.com\/wp-content\/uploads\/2021\/06\/du-dentifrice-sur-nos-graviers-768x1024.jpg\" alt=\"\" class=\"wp-image-252\" srcset=\"https:\/\/duudinka.com\/wp-content\/uploads\/2021\/06\/du-dentifrice-sur-nos-graviers-768x1024.jpg 768w, https:\/\/duudinka.com\/wp-content\/uploads\/2021\/06\/du-dentifrice-sur-nos-graviers-225x300.jpg 225w, https:\/\/duudinka.com\/wp-content\/uploads\/2021\/06\/du-dentifrice-sur-nos-graviers.jpg 843w\" sizes=\"(max-width: 767px) 89vw, (max-width: 1000px) 54vw, (max-width: 1071px) 543px, 580px\" \/><\/figure>\n\n\n\n<p><br>C&#8217;est sur les rives de nos enfances,  ou s&#8217;\u00e9choue la nostalgie et coalescent des  fragiles bribes d&#8217;un temps en construction, que les visiteureuses sont invit\u00e9.e.s \u00e0 poser leur pieds nus, et profiter de l\u2019extension tactile de l\u2019\u00e9coute.<br><br><\/p>\n\n\n\n<p><em>This installation is the door that is being closed for years. A door from which sound comes. The installation is situated at the crossroads between the sonic patrimony of a family home destined to change hands and the desire to combine childhood summer echoes with adult friendships. Is any construction of a present accompanied either by a deconstruction of the past or by the construction of a new past?<\/em><\/p>\n\n\n\n<p><em>It is on the shores of our childhood, where nostalgia washes up and fragile snippets of a time under construction coalesce, that visitors are invited to walk bare feet and enjoy the tactile extension of listening.<\/em><\/p>\n","protected":false},"excerpt":{"rendered":"<p>du dentifrice sur nos graviers Cette installation est la porte que l\u2019on ferme depuis des ann\u00e9es. Une porte dont \u00e9mane du son. L\u2019installation se situe au croisement entre le patrimoine sonore d\u2019une maison familiale vou\u00e9e \u00e0 changer de mains et le d\u00e9sir de conjuguer les \u00e9chos estivaux enfantins aux amiti\u00e9s adultes. Est-ce que toute construction &hellip; <\/p>\n<p class=\"link-more\"><a href=\"https:\/\/duudinka.com\/?page_id=246\" class=\"more-link\">Continue reading<span class=\"screen-reader-text\"> &#8220;Installation&#8221;<\/span><\/a><\/p>\n","protected":false},"author":1,"featured_media":0,"parent":0,"menu_order":0,"comment_status":"closed","ping_status":"closed","template":"","meta":[],"_links":{"self":[{"href":"https:\/\/duudinka.com\/index.php?rest_route=\/wp\/v2\/pages\/246"}],"collection":[{"href":"https:\/\/duudinka.com\/index.php?rest_route=\/wp\/v2\/pages"}],"about":[{"href":"https:\/\/duudinka.com\/index.php?rest_route=\/wp\/v2\/types\/page"}],"author":[{"embeddable":true,"href":"https:\/\/duudinka.com\/index.php?rest_route=\/wp\/v2\/users\/1"}],"replies":[{"embeddable":true,"href":"https:\/\/duudinka.com\/index.php?rest_route=%2Fwp%2Fv2%2Fcomments&post=246"}],"version-history":[{"count":3,"href":"https:\/\/duudinka.com\/index.php?rest_route=\/wp\/v2\/pages\/246\/revisions"}],"predecessor-version":[{"id":259,"href":"https:\/\/duudinka.com\/index.php?rest_route=\/wp\/v2\/pages\/246\/revisions\/259"}],"wp:attachment":[{"href":"https:\/\/duudinka.com\/index.php?rest_route=%2Fwp%2Fv2%2Fmedia&parent=246"}],"curies":[{"name":"wp","href":"https:\/\/api.w.org\/{rel}","templated":true}]}}