{"id":261,"date":"2021-06-21T12:15:34","date_gmt":"2021-06-21T10:15:34","guid":{"rendered":"http:\/\/duudinka.com\/?page_id=261"},"modified":"2022-01-04T01:34:58","modified_gmt":"2022-01-04T00:34:58","slug":"frontiere","status":"publish","type":"page","link":"https:\/\/duudinka.com\/?page_id=261","title":{"rendered":"Fronti\u00e8re"},"content":{"rendered":"\n<p>Fronti\u00e8re est un format de concert collaboratif intersp\u00e9ciste, par (et pour) les humain.e.s et non-humain.e.s. Il se d\u00e9roule dans des lieux a la fronti\u00e8re, une fronti\u00e8re poreuse entre une pr\u00e9sence industrielle, actuelle ou pass\u00e9e, et un foisonnement non-humain.<\/p>\n\n\n\n<p>On \u00e9coute du son.<br>Le son que l&#8217;on entend est une superposition du son ambiant (train, vent, avions, voitures, oiseaux, \u00e9v\u00e8nements sonores impr\u00e9visibles&#8230;) et d\u2019un montage sonore plus musical diffus\u00e9 sur des enceintes, qui inclut \u00e9galement plusieurs sons, conversations, pr\u00e9lev\u00e9s sur le lieu lors d&#8217;exploration sonores pr\u00e9alables. Certains sons ambiants sont donc a la fois \u00e9mis par leur source &#8220;naturelle&#8221;, a la fois par les enceintes, \u00e9ventuellement apr\u00e8s traitement sonore.<br>Si le lieu s&#8217;y pr\u00eate, un boitier qui transforme les ondes \u00e9lectromagn\u00e9tiques en ondes sonores peut \u00eatre utilis\u00e9 et permet de rendre audibles ces &#8220;chants&#8221;.<\/p>\n\n\n\n<figure class=\"wp-block-image size-large\"><img loading=\"lazy\" width=\"768\" height=\"1024\" src=\"https:\/\/duudinka.com\/wp-content\/uploads\/2021\/06\/IMG_4599-768x1024.jpg\" alt=\"\" class=\"wp-image-272\" srcset=\"https:\/\/duudinka.com\/wp-content\/uploads\/2021\/06\/IMG_4599-768x1024.jpg 768w, https:\/\/duudinka.com\/wp-content\/uploads\/2021\/06\/IMG_4599-225x300.jpg 225w, https:\/\/duudinka.com\/wp-content\/uploads\/2021\/06\/IMG_4599-1152x1536.jpg 1152w, https:\/\/duudinka.com\/wp-content\/uploads\/2021\/06\/IMG_4599-1536x2048.jpg 1536w, https:\/\/duudinka.com\/wp-content\/uploads\/2021\/06\/IMG_4599-scaled.jpg 1920w\" sizes=\"(max-width: 767px) 89vw, (max-width: 1000px) 54vw, (max-width: 1071px) 543px, 580px\" \/><\/figure>\n\n\n\n<p>Dans le trouble qui r\u00e9sulte de l&#8217;incapacit\u00e9 a s\u00e9parer les origines (humaines, non humaines, pr\u00e9sentes, pass\u00e9es) des sons entendus, la fronti\u00e8re elle-m\u00eame entre la nature et la culture s&#8217;en retrouve brouill\u00e9e. Il n\u2019y a plus de crit\u00e8re de jugement autre que celui induit par la sensation. Le d\u00e9-r\u00e9f\u00e9rencement, permis par ce mixage, nous invite a une d\u00e9ambulation au creux des interstices, a d\u00e9truire les fondements de cette opposition factice entre l&#8217;humain et son environnement, clef de voute de l&#8217;actuelle impasse \u00e9cologique.<br>Cr\u00e9er des lignes de fuite parmi les ruines. Envisager une cohabitation rieuse.<br><br>Il s\u2019agit donc ici de rendre tangible les jeux auxquels jouent d\u00e9j\u00e0 les humains et non-humains, ces petits chocs permanents, ces interstices vivants qui p\u00e9pient, et d\u00e9fient calmement la m\u00e9ta-structure.<br>Comme une flamme qu\u2019on approche d\u2019un billet \u00e9crit \u00e0 l\u2019encre sympathique, j\u2019ai le d\u00e9sir de r\u00e9v\u00e9ler ces traces, de construire un pont feuillu et poilu qui porterait son ombre hybride sur la rigidit\u00e9 binaire.<\/p>\n\n\n\n<h2>Episode 1 &#8211; Moeraske<\/h2>\n\n\n\n<p>La premi\u00e8re version de Fronti\u00e8re a vu le jour a Moeraske, r\u00e9serve semi-naturelle qui longe les rails au nord de la gare de Schaerbeek. Plus pr\u00e9cis\u00e9ment, sous un pyl\u00f4ne. La route par laquelle on acc\u00e8de au lieu, rue Carli, passe devant diff\u00e9rents b\u00e2timents li\u00e9s aux technologies de communication.<br>Le lieu lui-m\u00eame rec\u00e8le des tr\u00e9sors de biodiversit\u00e9, bien r\u00e9pertori\u00e9s sur la <a href=\"https:\/\/fr.wikipedia.org\/wiki\/Moeraske#%C3%89cosyst%C3%A8me\" data-type=\"URL\" data-id=\"https:\/\/fr.wikipedia.org\/wiki\/Moeraske#%C3%89cosyst%C3%A8me\">page wikipedia<\/a> du site. Le marais est&nbsp;aliment\u00e9 par le ruisseau du Kerkebeek, et, quoique la premi\u00e8re gare de taille cons\u00e9quente ne se construise qu&#8217;a partir des ann\u00e9es 1900, ce n&#8217;est qu&#8217;a la fin du 20e si\u00e8cle que le paysage prendra la forme qu&#8217;on lui connait aujourd&#8217;hui : la ou se tenaient prairies et champs, le long de la rive droite de Kerkebeek, des remblais seront construits. Un bassin r\u00e9gulateur qui servait a r\u00e9colter les eaux des nombreuses sources est devenu plus tard \u00e9tang puis le marais actuel de Moeraske.<\/p>\n\n\n\n<p>Tout ce que l&#8217;on voit, touche, respire et entend est donc le fruit d&#8217;un travail humain et non-humain.<\/p>\n\n\n\n<figure class=\"wp-block-image size-large\"><img loading=\"lazy\" width=\"1024\" height=\"768\" src=\"https:\/\/duudinka.com\/wp-content\/uploads\/2021\/06\/IMG_4589-1024x768.jpg\" alt=\"\" class=\"wp-image-273\" srcset=\"https:\/\/duudinka.com\/wp-content\/uploads\/2021\/06\/IMG_4589-1024x768.jpg 1024w, https:\/\/duudinka.com\/wp-content\/uploads\/2021\/06\/IMG_4589-300x225.jpg 300w, https:\/\/duudinka.com\/wp-content\/uploads\/2021\/06\/IMG_4589-768x576.jpg 768w, https:\/\/duudinka.com\/wp-content\/uploads\/2021\/06\/IMG_4589-1536x1152.jpg 1536w, https:\/\/duudinka.com\/wp-content\/uploads\/2021\/06\/IMG_4589-2048x1536.jpg 2048w\" sizes=\"(max-width: 767px) 89vw, (max-width: 1000px) 54vw, (max-width: 1071px) 543px, 580px\" \/><\/figure>\n\n\n\n<p>L&#8217;article ci-dessous est paru en janvier 2022 dans <em>L&#8217;\u00e9cho du marais<\/em>, une gazette destin\u00e9e aux amateurices de nature et aux doux r\u00eaveureuses de promeneureuses de Moeraske.<\/p>\n\n\n<a href=\"https:\/\/duudinka.com\/wp-content\/uploads\/2022\/01\/M.-SCHOENAUER-SEBAG-INFRABEL-ET-LE-TRITON-ALPESTRE-extrait-EDM-140-CEBE.pdf\" class=\"pdfemb-viewer\" style=\"\" data-width=\"max\" data-height=\"max\"  data-toolbar=\"bottom\" data-toolbar-fixed=\"off\">M.-SCHOENAUER-SEBAG-INFRABEL-ET-LE-TRITON-ALPESTRE-extrait-EDM-140-CEBE<br\/><\/a>\n<p class=\"wp-block-pdfemb-pdf-embedder-viewer\"><\/p>\n","protected":false},"excerpt":{"rendered":"<p>Fronti\u00e8re est un format de concert collaboratif intersp\u00e9ciste, par (et pour) les humain.e.s et non-humain.e.s. Il se d\u00e9roule dans des lieux a la fronti\u00e8re, une fronti\u00e8re poreuse entre une pr\u00e9sence industrielle, actuelle ou pass\u00e9e, et un foisonnement non-humain. On \u00e9coute du son.Le son que l&#8217;on entend est une superposition du son ambiant (train, vent, avions, &hellip; <\/p>\n<p class=\"link-more\"><a href=\"https:\/\/duudinka.com\/?page_id=261\" class=\"more-link\">Continue reading<span class=\"screen-reader-text\"> &#8220;Fronti\u00e8re&#8221;<\/span><\/a><\/p>\n","protected":false},"author":1,"featured_media":0,"parent":0,"menu_order":0,"comment_status":"closed","ping_status":"closed","template":"","meta":[],"_links":{"self":[{"href":"https:\/\/duudinka.com\/index.php?rest_route=\/wp\/v2\/pages\/261"}],"collection":[{"href":"https:\/\/duudinka.com\/index.php?rest_route=\/wp\/v2\/pages"}],"about":[{"href":"https:\/\/duudinka.com\/index.php?rest_route=\/wp\/v2\/types\/page"}],"author":[{"embeddable":true,"href":"https:\/\/duudinka.com\/index.php?rest_route=\/wp\/v2\/users\/1"}],"replies":[{"embeddable":true,"href":"https:\/\/duudinka.com\/index.php?rest_route=%2Fwp%2Fv2%2Fcomments&post=261"}],"version-history":[{"count":5,"href":"https:\/\/duudinka.com\/index.php?rest_route=\/wp\/v2\/pages\/261\/revisions"}],"predecessor-version":[{"id":318,"href":"https:\/\/duudinka.com\/index.php?rest_route=\/wp\/v2\/pages\/261\/revisions\/318"}],"wp:attachment":[{"href":"https:\/\/duudinka.com\/index.php?rest_route=%2Fwp%2Fv2%2Fmedia&parent=261"}],"curies":[{"name":"wp","href":"https:\/\/api.w.org\/{rel}","templated":true}]}}