{"id":277,"date":"2021-06-23T12:45:57","date_gmt":"2021-06-23T10:45:57","guid":{"rendered":"http:\/\/duudinka.com\/?page_id=277"},"modified":"2021-06-23T12:56:36","modified_gmt":"2021-06-23T10:56:36","slug":"elisa","status":"publish","type":"page","link":"https:\/\/duudinka.com\/?page_id=277","title":{"rendered":"Elisa"},"content":{"rendered":"\n<h3>Une cocr\u00e9ation avec Emile Cendreuil<\/h3>\n\n\n\n<p>En 2020, Emile Cendreuil, \u00e9crivain et r\u00eaveur, copie un texte de sa plume sur une clef usb. 1237 ans plus tard, la clef usb est retrouv\u00e9e par une artiste sonore, dans les archives du Mus\u00e9e des Reliques Num\u00e9riques.<\/p>\n\n\n\n<p>Comme un papyrus, les .doc se d\u00e9sagr\u00e8gent. Le fichier n&#8217;est donc plus qu&#8217;un parchemin num\u00e9rique en lambeaux et tressautements d&#8217;octets. <\/p>\n\n\n\n<p>Le sens de cette pi\u00e8ce sera le fruit d&#8217;une collaboration entre le texte, le traitement sonore, et la compl\u00e9tion spontan\u00e9e de l&#8217;auditeurice.<\/p>\n\n\n\n<figure class=\"wp-block-image size-large\"><img loading=\"lazy\" width=\"768\" height=\"1024\" src=\"https:\/\/duudinka.com\/wp-content\/uploads\/2021\/06\/elisa-768x1024.jpg\" alt=\"\" class=\"wp-image-281\" srcset=\"https:\/\/duudinka.com\/wp-content\/uploads\/2021\/06\/elisa-768x1024.jpg 768w, https:\/\/duudinka.com\/wp-content\/uploads\/2021\/06\/elisa-225x300.jpg 225w, https:\/\/duudinka.com\/wp-content\/uploads\/2021\/06\/elisa-1152x1536.jpg 1152w, https:\/\/duudinka.com\/wp-content\/uploads\/2021\/06\/elisa.jpg 1200w\" sizes=\"(max-width: 767px) 89vw, (max-width: 1000px) 54vw, (max-width: 1071px) 543px, 580px\" \/><\/figure>\n\n\n\n<p>Elisa a gagn\u00e9 le premier prix du concours Oreille Curieuse 2021 de Radio Campus Paris. <\/p>\n\n\n\n<p><\/p>\n\n\n\n<p>A \u00e9couter <a href=\"https:\/\/distrokid.com\/hyperfollow\/duudinka\/elisa-feat-emile-cendreuil\" data-type=\"URL\" data-id=\"https:\/\/distrokid.com\/hyperfollow\/duudinka\/elisa-feat-emile-cendreuil\">ici<\/a><\/p>\n","protected":false},"excerpt":{"rendered":"<p>Une cocr\u00e9ation avec Emile Cendreuil En 2020, Emile Cendreuil, \u00e9crivain et r\u00eaveur, copie un texte de sa plume sur une clef usb. 1237 ans plus tard, la clef usb est retrouv\u00e9e par une artiste sonore, dans les archives du Mus\u00e9e des Reliques Num\u00e9riques. Comme un papyrus, les .doc se d\u00e9sagr\u00e8gent. Le fichier n&#8217;est donc plus &hellip; <\/p>\n<p class=\"link-more\"><a href=\"https:\/\/duudinka.com\/?page_id=277\" class=\"more-link\">Continue reading<span class=\"screen-reader-text\"> &#8220;Elisa&#8221;<\/span><\/a><\/p>\n","protected":false},"author":1,"featured_media":0,"parent":0,"menu_order":0,"comment_status":"closed","ping_status":"closed","template":"","meta":[],"_links":{"self":[{"href":"https:\/\/duudinka.com\/index.php?rest_route=\/wp\/v2\/pages\/277"}],"collection":[{"href":"https:\/\/duudinka.com\/index.php?rest_route=\/wp\/v2\/pages"}],"about":[{"href":"https:\/\/duudinka.com\/index.php?rest_route=\/wp\/v2\/types\/page"}],"author":[{"embeddable":true,"href":"https:\/\/duudinka.com\/index.php?rest_route=\/wp\/v2\/users\/1"}],"replies":[{"embeddable":true,"href":"https:\/\/duudinka.com\/index.php?rest_route=%2Fwp%2Fv2%2Fcomments&post=277"}],"version-history":[{"count":6,"href":"https:\/\/duudinka.com\/index.php?rest_route=\/wp\/v2\/pages\/277\/revisions"}],"predecessor-version":[{"id":287,"href":"https:\/\/duudinka.com\/index.php?rest_route=\/wp\/v2\/pages\/277\/revisions\/287"}],"wp:attachment":[{"href":"https:\/\/duudinka.com\/index.php?rest_route=%2Fwp%2Fv2%2Fmedia&parent=277"}],"curies":[{"name":"wp","href":"https:\/\/api.w.org\/{rel}","templated":true}]}}