{"id":292,"date":"2021-12-20T15:59:57","date_gmt":"2021-12-20T14:59:57","guid":{"rendered":"http:\/\/duudinka.com\/?page_id=292"},"modified":"2023-02-20T15:50:29","modified_gmt":"2023-02-20T14:50:29","slug":"du-raifort-dans-mon-ciboire","status":"publish","type":"page","link":"https:\/\/duudinka.com\/?page_id=292","title":{"rendered":"du raifort dans mon ciboire"},"content":{"rendered":"\n<p>est un <a href=\"https:\/\/soundcloud.com\/duraifortdansmonciboire\" data-type=\"URL\" data-id=\"https:\/\/soundcloud.com\/duraifortdansmonciboire\">groupe d&#8217;improvisation musicale<\/a> qui m\u00e9lange fl\u00fbte, harpe, voix parl\u00e9e et voix chant\u00e9e, \u00e9lectronique, et d&#8217;autres \u00e9l\u00e9ments sonores al\u00e9atoires, d\u00e9pendamment de l&#8217;humeur, des invit\u00e9.e.s et de la m\u00e9t\u00e9o.<br><br>A une approche organique du son et de la musique, s&#8217;y instille un aspect th\u00e9\u00e2tral prononc\u00e9, et un gout irr\u00e9v\u00e9rencieux pour le jeu, l&#8217;histoire, le grave et le doux. Comme effleurer un duvet dont on finit par comprendre qu&#8217;il serait fait de terre cuite.<br><\/p>\n\n\n\n<figure class=\"wp-block-embed-youtube aligncenter wp-block-embed is-type-video is-provider-youtube wp-embed-aspect-16-9 wp-has-aspect-ratio wp-embed-aspect-4-3\"><div class=\"wp-block-embed__wrapper\">\n<iframe title=\"du raifort dans mon ciboire live @citizen corner\" width=\"525\" height=\"394\" src=\"https:\/\/www.youtube.com\/embed\/D4Nqv-ZzUAA?feature=oembed\" frameborder=\"0\" allow=\"accelerometer; autoplay; clipboard-write; encrypted-media; gyroscope; picture-in-picture; web-share\" allowfullscreen><\/iframe>\n<\/div><figcaption>Live au Citizen Corner, septembre 2022.<\/figcaption><\/figure>\n\n\n\n<p>Il est issu d&#8217;une rencontre dans un cours de philosophie de l&#8217;art aux Beaux-Arts de Bruxelles.<br>S&#8217;en sont suivies de nombreuses sessions dans une cave bruxelloise, et, bon nombre d&#8217;id\u00e9es ant\u00e9lumineuses plus tard, les voici lanc\u00e9.e.s dans la capitale comme une boule de pate \u00e0 pain imbib\u00e9e de jus de tomate : douce, rouge, et curieuse.<\/p>\n\n\n\n<figure class=\"wp-block-embed-youtube aligncenter wp-block-embed is-type-video is-provider-youtube wp-embed-aspect-16-9 wp-has-aspect-ratio\"><div class=\"wp-block-embed__wrapper\">\n<iframe title=\"du raifort dans mon ciboire - live sur Radio 100 Titre\" width=\"525\" height=\"295\" src=\"https:\/\/www.youtube.com\/embed\/NGVsJFyU-RE?feature=oembed\" frameborder=\"0\" allow=\"accelerometer; autoplay; clipboard-write; encrypted-media; gyroscope; picture-in-picture; web-share\" allowfullscreen><\/iframe>\n<\/div><figcaption>Live sur 100 Radio, \u00e0 l&#8217;occasion des journ\u00e9es portes ouvertes des Beaux Arts de Bruxelles, mars 2021.<\/figcaption><\/figure>\n","protected":false},"excerpt":{"rendered":"<p>est un groupe d&#8217;improvisation musicale qui m\u00e9lange fl\u00fbte, harpe, voix parl\u00e9e et voix chant\u00e9e, \u00e9lectronique, et d&#8217;autres \u00e9l\u00e9ments sonores al\u00e9atoires, d\u00e9pendamment de l&#8217;humeur, des invit\u00e9.e.s et de la m\u00e9t\u00e9o. A une approche organique du son et de la musique, s&#8217;y instille un aspect th\u00e9\u00e2tral prononc\u00e9, et un gout irr\u00e9v\u00e9rencieux pour le jeu, l&#8217;histoire, le grave &hellip; <\/p>\n<p class=\"link-more\"><a href=\"https:\/\/duudinka.com\/?page_id=292\" class=\"more-link\">Continue reading<span class=\"screen-reader-text\"> &#8220;du raifort dans mon ciboire&#8221;<\/span><\/a><\/p>\n","protected":false},"author":1,"featured_media":0,"parent":0,"menu_order":0,"comment_status":"closed","ping_status":"closed","template":"","meta":[],"_links":{"self":[{"href":"https:\/\/duudinka.com\/index.php?rest_route=\/wp\/v2\/pages\/292"}],"collection":[{"href":"https:\/\/duudinka.com\/index.php?rest_route=\/wp\/v2\/pages"}],"about":[{"href":"https:\/\/duudinka.com\/index.php?rest_route=\/wp\/v2\/types\/page"}],"author":[{"embeddable":true,"href":"https:\/\/duudinka.com\/index.php?rest_route=\/wp\/v2\/users\/1"}],"replies":[{"embeddable":true,"href":"https:\/\/duudinka.com\/index.php?rest_route=%2Fwp%2Fv2%2Fcomments&post=292"}],"version-history":[{"count":6,"href":"https:\/\/duudinka.com\/index.php?rest_route=\/wp\/v2\/pages\/292\/revisions"}],"predecessor-version":[{"id":396,"href":"https:\/\/duudinka.com\/index.php?rest_route=\/wp\/v2\/pages\/292\/revisions\/396"}],"wp:attachment":[{"href":"https:\/\/duudinka.com\/index.php?rest_route=%2Fwp%2Fv2%2Fmedia&parent=292"}],"curies":[{"name":"wp","href":"https:\/\/api.w.org\/{rel}","templated":true}]}}