{"id":296,"date":"2021-12-20T16:41:44","date_gmt":"2021-12-20T15:41:44","guid":{"rendered":"http:\/\/duudinka.com\/?page_id=296"},"modified":"2024-10-01T11:51:42","modified_gmt":"2024-10-01T09:51:42","slug":"texte","status":"publish","type":"page","link":"https:\/\/duudinka.com\/?page_id=296","title":{"rendered":"Texte"},"content":{"rendered":"\n<h4><span style=\"text-decoration: underline;\">Papier Machine N14 &#8211; Bloc<\/span><\/h4>\n\n\n\n<p>Le texte ci-dessous a \u00e9t\u00e9 \u00e9crit \u00e0 quatre mains avec ma copilote Alexia Falisse. Il parle des d\u00e9rives de l&#8217;algorithme judiciaire et s&#8217;appuie sur un article du monde diplomatique. Vous pouvez le commander<a href=\"https:\/\/papiermachine.be\/produit\/numero-14-bloc\/\" data-type=\"URL\" data-id=\"https:\/\/papiermachine.be\/produit\/numero-14-bloc\/\"> ici<\/a>.<\/p>\n\n\n<a href=\"https:\/\/duudinka.com\/wp-content\/uploads\/2024\/10\/justice-algo-beton.pdf\" class=\"pdfemb-viewer\" style=\"\" data-width=\"max\" data-height=\"max\"  data-toolbar=\"bottom\" data-toolbar-fixed=\"off\">justice-algo-beton<br\/><\/a>\n<p class=\"wp-block-pdfemb-pdf-embedder-viewer\"><\/p>\n\n\n\n<h4><span style=\"text-decoration: underline;\">Papier Machine N13 &#8211; Couette<\/span><\/h4>\n\n\n\n<p>Le texte ci-dessous a \u00e9t\u00e9 \u00e9crit \u00e0 quatre mains et quelques milliards d&#8217;atomes. Il est paru dans le Papier Machine publi\u00e9 en janvier 2023. Vous pouvez le commander <a href=\"https:\/\/www.papiermachine.io\/papiermachine\" data-type=\"URL\" data-id=\"https:\/\/www.papiermachine.io\/papiermachine\">ici<\/a>.<\/p>\n\n\n<a href=\"https:\/\/duudinka.com\/wp-content\/uploads\/2023\/02\/LE-MIEL.pdf\" class=\"pdfemb-viewer\" style=\"\" data-width=\"max\" data-height=\"max\"  data-toolbar=\"bottom\" data-toolbar-fixed=\"off\">LE-MIEL<br\/><\/a>\n<p class=\"wp-block-pdfemb-pdf-embedder-viewer\"><\/p>\n\n\n\n<h4><a href=\"https:\/\/soundcloud.com\/duudinka\/de-linteret-de-fusionner-les-traites-de-genetique-moderne-avec-les-livres-mythologiques\" data-type=\"URL\" data-id=\"https:\/\/soundcloud.com\/duudinka\/de-linteret-de-fusionner-les-traites-de-genetique-moderne-avec-les-livres-mythologiques\">de l&#8217;int\u00e9r\u00eat de fusionner les trait\u00e9s de g\u00e9n\u00e9tique moderne avec les livres mythologiques<\/a><\/h4>\n\n\n\n<p>est un po\u00e8me \u00e9crit puis mis en son sur l&#8217;initiative du collectif Mange tes Mots, inspir\u00e9 par la citation d&#8217;audre lorde &#8220;for women, poetry is not a luxury, it&#8217;s a vital necessity of our existence&#8221;<br><br>un jour une fille nage avec une tortue<br>Invisibles ouvri\u00e8res aquatiques qui d\u00e9truisent les prisons et construisent des ar\u00e8nes<\/p>\n\n\n\n<div class=\"wp-block-image\"><figure class=\"aligncenter size-large\"><img loading=\"lazy\" width=\"465\" height=\"560\" src=\"https:\/\/duudinka.com\/wp-content\/uploads\/2021\/12\/82146ffa8f740d6fa7bb1ebbd33f1f44.jpg\" alt=\"\" class=\"wp-image-304\" srcset=\"https:\/\/duudinka.com\/wp-content\/uploads\/2021\/12\/82146ffa8f740d6fa7bb1ebbd33f1f44.jpg 465w, https:\/\/duudinka.com\/wp-content\/uploads\/2021\/12\/82146ffa8f740d6fa7bb1ebbd33f1f44-249x300.jpg 249w\" sizes=\"(max-width: 465px) 100vw, 465px\" \/><figcaption>podcast entier a \u00e9couter ici :&nbsp;<a rel=\"noreferrer noopener\" href=\"https:\/\/gate.sc\/?url=http%3A%2F%2Fhyperurl.co%2Fmangetesmots&amp;token=ac6b6c-1-1640270266862\" target=\"_blank\">hyperurl.co\/mangetesmots<\/a><\/figcaption><\/figure><\/div>\n\n\n\n<h4><span style=\"text-decoration: underline;\">Les Cahiers de la Nuit<\/span><\/h4>\n\n\n\n<p>Sur une initiative d&#8217;Hannah Oslo, cette revue semestrielle publie diff\u00e9rents textes de plusieurs auteurices autour du th\u00e8me de la nuit.<br>Voici un texte qui y est paru.<\/p>\n\n\n\n<div class=\"wp-block-image\"><figure class=\"aligncenter size-large\"><img loading=\"lazy\" width=\"1439\" height=\"1080\" src=\"https:\/\/duudinka.com\/wp-content\/uploads\/2021\/12\/269600104_3076200565986601_2982638224459945952_n-edited.jpg\" alt=\"\" class=\"wp-image-308\" srcset=\"https:\/\/duudinka.com\/wp-content\/uploads\/2021\/12\/269600104_3076200565986601_2982638224459945952_n-edited.jpg 1439w, https:\/\/duudinka.com\/wp-content\/uploads\/2021\/12\/269600104_3076200565986601_2982638224459945952_n-edited-300x225.jpg 300w, https:\/\/duudinka.com\/wp-content\/uploads\/2021\/12\/269600104_3076200565986601_2982638224459945952_n-edited-1024x769.jpg 1024w, https:\/\/duudinka.com\/wp-content\/uploads\/2021\/12\/269600104_3076200565986601_2982638224459945952_n-edited-768x576.jpg 768w\" sizes=\"(max-width: 767px) 89vw, (max-width: 1000px) 54vw, (max-width: 1071px) 543px, 580px\" \/><\/figure><\/div>\n\n\n\n<p>Vous pouvez commander la revue par mail.<\/p>\n","protected":false},"excerpt":{"rendered":"<p>Papier Machine N14 &#8211; Bloc Le texte ci-dessous a \u00e9t\u00e9 \u00e9crit \u00e0 quatre mains avec ma copilote Alexia Falisse. Il parle des d\u00e9rives de l&#8217;algorithme judiciaire et s&#8217;appuie sur un article du monde diplomatique. Vous pouvez le commander ici. Papier Machine N13 &#8211; Couette Le texte ci-dessous a \u00e9t\u00e9 \u00e9crit \u00e0 quatre mains et quelques &hellip; <\/p>\n<p class=\"link-more\"><a href=\"https:\/\/duudinka.com\/?page_id=296\" class=\"more-link\">Continue reading<span class=\"screen-reader-text\"> &#8220;Texte&#8221;<\/span><\/a><\/p>\n","protected":false},"author":1,"featured_media":0,"parent":0,"menu_order":0,"comment_status":"closed","ping_status":"closed","template":"","meta":[],"_links":{"self":[{"href":"https:\/\/duudinka.com\/index.php?rest_route=\/wp\/v2\/pages\/296"}],"collection":[{"href":"https:\/\/duudinka.com\/index.php?rest_route=\/wp\/v2\/pages"}],"about":[{"href":"https:\/\/duudinka.com\/index.php?rest_route=\/wp\/v2\/types\/page"}],"author":[{"embeddable":true,"href":"https:\/\/duudinka.com\/index.php?rest_route=\/wp\/v2\/users\/1"}],"replies":[{"embeddable":true,"href":"https:\/\/duudinka.com\/index.php?rest_route=%2Fwp%2Fv2%2Fcomments&post=296"}],"version-history":[{"count":10,"href":"https:\/\/duudinka.com\/index.php?rest_route=\/wp\/v2\/pages\/296\/revisions"}],"predecessor-version":[{"id":429,"href":"https:\/\/duudinka.com\/index.php?rest_route=\/wp\/v2\/pages\/296\/revisions\/429"}],"wp:attachment":[{"href":"https:\/\/duudinka.com\/index.php?rest_route=%2Fwp%2Fv2%2Fmedia&parent=296"}],"curies":[{"name":"wp","href":"https:\/\/api.w.org\/{rel}","templated":true}]}}