{"id":348,"date":"2022-06-20T12:53:25","date_gmt":"2022-06-20T10:53:25","guid":{"rendered":"http:\/\/duudinka.com\/?page_id=348"},"modified":"2024-10-01T12:07:24","modified_gmt":"2024-10-01T10:07:24","slug":"chronique-campus","status":"publish","type":"page","link":"https:\/\/duudinka.com\/?page_id=348","title":{"rendered":"Chronique Campus"},"content":{"rendered":"\n<p>La vie d&#8217;une prof de sciences dans le secondaire.<\/p>\n\n\n\n<p>eeuuuh non, la vie des atomes et de la mati\u00e8re<\/p>\n\n\n\n<p>euuh non en fait ces chroniques sur Radio Campus le vendredi\/mardi midi, \u00e7a parle de &#8230; \u00e7a parle  parle de mol\u00e9cules, on parle de shibari et de th\u00e9orie des cordes, de vengeance de la tri\u00e9thanolamine, de &#8230;<br>tout \u00e7a au micro de leslie doumerx, et en g\u00e9n\u00e9ral en pr\u00e9sence d&#8217;invit\u00e9.e.s de qualit\u00e9<\/p>\n\n\n\n<h5>24 septembre 2024  &#8211; second rituel de consid\u00e9ration \u00e0 un \u00e9l\u00e9ment du g\u00e9n\u00e9rique de nos vies . les tshirts trou\u00e9s<\/h5>\n\n\n\n<figure class=\"wp-block-embed-soundcloud wp-block-embed is-type-rich is-provider-soundcloud wp-embed-aspect-4-3 wp-has-aspect-ratio\"><div class=\"wp-block-embed__wrapper\">\n<iframe title=\"je dis aurevoir aux tshirts, bonjour aux baisers, merci au toucher by Duu Din Ka\" width=\"525\" height=\"400\" scrolling=\"no\" frameborder=\"no\" src=\"https:\/\/w.soundcloud.com\/player\/?visual=true&#038;url=https%3A%2F%2Fapi.soundcloud.com%2Ftracks%2F1926595193&#038;show_artwork=true&#038;maxheight=788&#038;maxwidth=525\"><\/iframe>\n<\/div><\/figure>\n\n\n\n<h5>10 septembre 2024  &#8211; premer rituel de consid\u00e9ration \u00e0 un \u00e9l\u00e9ment du g\u00e9n\u00e9rique de nos vies . la mitochondrie<\/h5>\n\n\n\n<figure class=\"wp-block-embed-soundcloud wp-block-embed is-type-rich is-provider-soundcloud wp-embed-aspect-4-3 wp-has-aspect-ratio\"><div class=\"wp-block-embed__wrapper\">\n<iframe title=\"premer rituel de consid\u00e9ration \u00e0 un \u00e9l\u00e9ment du g\u00e9n\u00e9rique de nos vies -  la mitochondrie by Duu Din Ka\" width=\"525\" height=\"400\" scrolling=\"no\" frameborder=\"no\" src=\"https:\/\/w.soundcloud.com\/player\/?visual=true&#038;url=https%3A%2F%2Fapi.soundcloud.com%2Ftracks%2F1919511629&#038;show_artwork=true&#038;maxheight=788&#038;maxwidth=525\"><\/iframe>\n<\/div><\/figure>\n\n\n\n<h5>13 f\u00e9vrier 2024  &#8211; voyage temporel<\/h5>\n\n\n\n<figure class=\"wp-block-embed-soundcloud wp-block-embed is-type-rich is-provider-soundcloud wp-embed-aspect-4-3 wp-has-aspect-ratio\"><div class=\"wp-block-embed__wrapper\">\n<iframe title=\"Radio Campus - 13 f\u00e9vrier 2024 - Voyage temporel by Duu Din Ka\" width=\"525\" height=\"400\" scrolling=\"no\" frameborder=\"no\" src=\"https:\/\/w.soundcloud.com\/player\/?visual=true&#038;url=https%3A%2F%2Fapi.soundcloud.com%2Ftracks%2F1771787172&#038;show_artwork=true&#038;maxheight=788&#038;maxwidth=525\"><\/iframe>\n<\/div><\/figure>\n\n\n\n<h5>6 f\u00e9vrier 2024  &#8211; appel \u00e0 la bifurcation<\/h5>\n\n\n\n<figure class=\"wp-block-embed-soundcloud wp-block-embed is-type-rich is-provider-soundcloud wp-embed-aspect-4-3 wp-has-aspect-ratio\"><div class=\"wp-block-embed__wrapper\">\n<iframe title=\"Appel \u00e0 la bifurcation - Radio Campus 6.02.2024 by Duu Din Ka\" width=\"525\" height=\"400\" scrolling=\"no\" frameborder=\"no\" src=\"https:\/\/w.soundcloud.com\/player\/?visual=true&#038;url=https%3A%2F%2Fapi.soundcloud.com%2Ftracks%2F1738807740&#038;show_artwork=true&#038;maxheight=788&#038;maxwidth=525\"><\/iframe>\n<\/div><\/figure>\n\n\n\n<h5>19 d\u00e9cembre 2023  &#8211; chronique d&#8217;une voracit\u00e9<\/h5>\n\n\n\n<figure class=\"wp-block-embed-soundcloud wp-block-embed is-type-rich is-provider-soundcloud wp-embed-aspect-4-3 wp-has-aspect-ratio\"><div class=\"wp-block-embed__wrapper\">\n<iframe title=\"Chronique d&#039;une voracit\u00e9 - Radio Campus 19 d\u00e9cembre 2023 by Duu Din Ka\" width=\"525\" height=\"400\" scrolling=\"no\" frameborder=\"no\" src=\"https:\/\/w.soundcloud.com\/player\/?visual=true&#038;url=https%3A%2F%2Fapi.soundcloud.com%2Ftracks%2F1711157034&#038;show_artwork=true&#038;maxheight=788&#038;maxwidth=525\"><\/iframe>\n<\/div><\/figure>\n\n\n\n<h5>5 d\u00e9cembre 2023  &#8211; anatomie d&#8217;une chute ou la puissance du r\u00e9f\u00e9rentiel<\/h5>\n\n\n\n<figure class=\"wp-block-embed-soundcloud wp-block-embed is-type-rich is-provider-soundcloud wp-embed-aspect-4-3 wp-has-aspect-ratio\"><div class=\"wp-block-embed__wrapper\">\n<iframe title=\"Anatomie d&#039;une chute ou la puissance du r\u00e9f\u00e9rentiel - Chronique Radio Campus du 5.12.23 by Duu Din Ka\" width=\"525\" height=\"400\" scrolling=\"no\" frameborder=\"no\" src=\"https:\/\/w.soundcloud.com\/player\/?visual=true&#038;url=https%3A%2F%2Fapi.soundcloud.com%2Ftracks%2F1685537268&#038;show_artwork=true&#038;maxheight=788&#038;maxwidth=525\"><\/iframe>\n<\/div><\/figure>\n\n\n\n<h5>19 mai 2023 &#8211; pour quelques vibrations de plus<\/h5>\n\n\n\n<figure class=\"wp-block-embed-soundcloud wp-block-embed is-type-rich is-provider-soundcloud wp-embed-aspect-4-3 wp-has-aspect-ratio\"><div class=\"wp-block-embed__wrapper\">\n<iframe title=\"Chronique 19 Mai Radio Campus - Pour quelques vibrations de plus by Duu Din Ka\" width=\"525\" height=\"400\" scrolling=\"no\" frameborder=\"no\" src=\"https:\/\/w.soundcloud.com\/player\/?visual=true&#038;url=https%3A%2F%2Fapi.soundcloud.com%2Ftracks%2F1517872348&#038;show_artwork=true&#038;maxheight=788&#038;maxwidth=525\"><\/iframe>\n<\/div><\/figure>\n\n\n\n<h5>6 mai 2023 &#8211; rouge vif \u00e0 tatons<\/h5>\n\n\n\n<figure class=\"wp-block-embed-soundcloud wp-block-embed is-type-rich is-provider-soundcloud wp-embed-aspect-4-3 wp-has-aspect-ratio\"><div class=\"wp-block-embed__wrapper\">\n<iframe title=\"Chronique 6 mai Radio Campus - Rouge vif \u00e0 tatons by Duu Din Ka\" width=\"525\" height=\"400\" scrolling=\"no\" frameborder=\"no\" src=\"https:\/\/w.soundcloud.com\/player\/?visual=true&#038;url=https%3A%2F%2Fapi.soundcloud.com%2Ftracks%2F1267672111&#038;show_artwork=true&#038;maxheight=788&#038;maxwidth=525\"><\/iframe>\n<\/div><\/figure>\n\n\n\n<h5>18 mars 2023 &#8211; ce que les milliardaires ont \u00e0 apprendre de la tri\u00e9thanolamine<\/h5>\n\n\n\n<figure class=\"wp-block-embed-soundcloud wp-block-embed is-type-rich is-provider-soundcloud wp-embed-aspect-4-3 wp-has-aspect-ratio\"><div class=\"wp-block-embed__wrapper\">\n<iframe title=\"Chronique 18 Mars sur Radio Campus by Duu Din Ka\" width=\"525\" height=\"400\" scrolling=\"no\" frameborder=\"no\" src=\"https:\/\/w.soundcloud.com\/player\/?visual=true&#038;url=https%3A%2F%2Fapi.soundcloud.com%2Ftracks%2F1236644878&#038;show_artwork=true&#038;maxheight=788&#038;maxwidth=525\"><\/iframe>\n<\/div><\/figure>\n\n\n\n<h5>11 mars 2023 &#8211; du plaisir de savoir et de ne pas savoir<\/h5>\n\n\n\n<figure class=\"wp-block-embed-soundcloud wp-block-embed is-type-rich is-provider-soundcloud wp-embed-aspect-4-3 wp-has-aspect-ratio\"><div class=\"wp-block-embed__wrapper\">\n<iframe title=\"Chronique du 11 mars sur Radio Campus by Duu Din Ka\" width=\"525\" height=\"400\" scrolling=\"no\" frameborder=\"no\" src=\"https:\/\/w.soundcloud.com\/player\/?visual=true&#038;url=https%3A%2F%2Fapi.soundcloud.com%2Ftracks%2F1231457191&#038;show_artwork=true&#038;maxheight=788&#038;maxwidth=525\"><\/iframe>\n<\/div><\/figure>\n\n\n\n<h5>25 f\u00e9vrier 2023 &#8211; les pens\u00e9es sont-elles soumises \u00e0 la gravit\u00e9 ?<\/h5>\n\n\n\n<figure class=\"wp-block-embed-soundcloud wp-block-embed is-type-rich is-provider-soundcloud wp-embed-aspect-4-3 wp-has-aspect-ratio\"><div class=\"wp-block-embed__wrapper\">\n<iframe title=\"Chronique du 25 f\u00e9vrier sur Radio Campus by Duu Din Ka\" width=\"525\" height=\"400\" scrolling=\"no\" frameborder=\"no\" src=\"https:\/\/w.soundcloud.com\/player\/?visual=true&#038;url=https%3A%2F%2Fapi.soundcloud.com%2Ftracks%2F1228488367&#038;show_artwork=true&#038;maxheight=788&#038;maxwidth=525\"><\/iframe>\n<\/div><\/figure>\n\n\n\n<h5>24 novembre 2022 on n&#8217;a jamais laiss\u00e9 r\u00eav\u00e9 une ligne &#8211; hypercabanes <\/h5>\n\n\n\n<figure class=\"wp-block-embed-soundcloud wp-block-embed is-type-rich is-provider-soundcloud wp-embed-aspect-4-3 wp-has-aspect-ratio\"><div class=\"wp-block-embed__wrapper\">\n<iframe title=\"On n&#039;a jamais laiss\u00e9 r\u00eaver une ligne by Duu Din Ka\" width=\"525\" height=\"400\" scrolling=\"no\" frameborder=\"no\" src=\"https:\/\/w.soundcloud.com\/player\/?visual=true&#038;url=https%3A%2F%2Fapi.soundcloud.com%2Ftracks%2F1406555263&#038;show_artwork=true&#038;maxheight=788&#038;maxwidth=525\"><\/iframe>\n<\/div><\/figure>\n","protected":false},"excerpt":{"rendered":"<p>La vie d&#8217;une prof de sciences dans le secondaire. eeuuuh non, la vie des atomes et de la mati\u00e8re euuh non en fait ces chroniques sur Radio Campus le vendredi\/mardi midi, \u00e7a parle de &#8230; \u00e7a parle parle de mol\u00e9cules, on parle de shibari et de th\u00e9orie des cordes, de vengeance de la tri\u00e9thanolamine, de &hellip; <\/p>\n<p class=\"link-more\"><a href=\"https:\/\/duudinka.com\/?page_id=348\" class=\"more-link\">Continue reading<span class=\"screen-reader-text\"> &#8220;Chronique Campus&#8221;<\/span><\/a><\/p>\n","protected":false},"author":1,"featured_media":0,"parent":0,"menu_order":0,"comment_status":"closed","ping_status":"closed","template":"","meta":[],"_links":{"self":[{"href":"https:\/\/duudinka.com\/index.php?rest_route=\/wp\/v2\/pages\/348"}],"collection":[{"href":"https:\/\/duudinka.com\/index.php?rest_route=\/wp\/v2\/pages"}],"about":[{"href":"https:\/\/duudinka.com\/index.php?rest_route=\/wp\/v2\/types\/page"}],"author":[{"embeddable":true,"href":"https:\/\/duudinka.com\/index.php?rest_route=\/wp\/v2\/users\/1"}],"replies":[{"embeddable":true,"href":"https:\/\/duudinka.com\/index.php?rest_route=%2Fwp%2Fv2%2Fcomments&post=348"}],"version-history":[{"count":6,"href":"https:\/\/duudinka.com\/index.php?rest_route=\/wp\/v2\/pages\/348\/revisions"}],"predecessor-version":[{"id":431,"href":"https:\/\/duudinka.com\/index.php?rest_route=\/wp\/v2\/pages\/348\/revisions\/431"}],"wp:attachment":[{"href":"https:\/\/duudinka.com\/index.php?rest_route=%2Fwp%2Fv2%2Fmedia&parent=348"}],"curies":[{"name":"wp","href":"https:\/\/api.w.org\/{rel}","templated":true}]}}