{"id":479,"date":"2026-03-02T16:53:08","date_gmt":"2026-03-02T15:53:08","guid":{"rendered":"http:\/\/duudinka.com\/?page_id=479"},"modified":"2026-03-02T16:55:42","modified_gmt":"2026-03-02T15:55:42","slug":"dj-lisa-bismuth","status":"publish","type":"page","link":"https:\/\/duudinka.com\/?page_id=479","title":{"rendered":"Lisa Bismuth"},"content":{"rendered":"\n<figure class=\"wp-block-image size-large\"><img loading=\"lazy\" width=\"768\" height=\"1024\" src=\"https:\/\/duudinka.com\/wp-content\/uploads\/2026\/03\/IMG_1038-768x1024.jpg\" alt=\"\" class=\"wp-image-480\" srcset=\"https:\/\/duudinka.com\/wp-content\/uploads\/2026\/03\/IMG_1038-768x1024.jpg 768w, https:\/\/duudinka.com\/wp-content\/uploads\/2026\/03\/IMG_1038-225x300.jpg 225w, https:\/\/duudinka.com\/wp-content\/uploads\/2026\/03\/IMG_1038-1152x1536.jpg 1152w, https:\/\/duudinka.com\/wp-content\/uploads\/2026\/03\/IMG_1038.jpg 1200w\" sizes=\"(max-width: 767px) 89vw, (max-width: 1000px) 54vw, (max-width: 1071px) 543px, 580px\" \/><figcaption>1er Janvier 2026 au Carmen Kamina, Strasbourg<\/figcaption><\/figure>\n\n\n\n<p>Le Bismuth est un \u00e9l\u00e9ment chimique qui a tendance \u00e0 faire diminuer le point de fusion des alliages dans lesquels il est incorpor\u00e9.<br>Lisa Bismuth, c&#8217;est la m\u00eame chose. Les tracks qu&#8217;elle rencontre sans vraiment les chercher, quelque part entre 1911 et 2070, en errance entre Maputo et Hong Kong, rendent un peu plus liquide. Des pieds jusqu&#8217;au coeur, de f\u00e9licit\u00e9 ou de sueur.<\/p>\n\n\n\n<p>Bismuth joue sur vinyle, sur mp3, elle parle parfois, et r\u00e9pond musicalement \u00e0 la question qui la taraude depuis toujours : comment faire des choix quand on aime beaucoup de choses ? Alors la nouvelle question qui a remplac\u00e9 celle ci est devenue : \u00e0 chaque fois qu&#8217;on se pose cette question, est ce qu&#8217;on n&#8217;a vraiment pas le choix de ne pas faire de choix ?<\/p>\n\n\n\n<figure class=\"wp-block-embed-soundcloud wp-block-embed is-type-rich is-provider-soundcloud wp-embed-aspect-4-3 wp-has-aspect-ratio\"><div class=\"wp-block-embed__wrapper\">\n<iframe title=\"Lisa Bismuth joue ses vinyles sur Radio Campus - Second Mix by Duu Din Ka\" width=\"525\" height=\"400\" scrolling=\"no\" frameborder=\"no\" src=\"https:\/\/w.soundcloud.com\/player\/?visual=true&#038;url=https%3A%2F%2Fapi.soundcloud.com%2Ftracks%2F2262513737&#038;show_artwork=true&#038;maxheight=788&#038;maxwidth=525\"><\/iframe>\n<\/div><figcaption>Mix du 3 f\u00e9vrier 2026 &#8211; Radio Campus<\/figcaption><\/figure>\n\n\n\n<figure class=\"wp-block-image size-large\"><img loading=\"lazy\" width=\"768\" height=\"1024\" src=\"https:\/\/duudinka.com\/wp-content\/uploads\/2026\/03\/IMG_1601-768x1024.jpeg\" alt=\"\" class=\"wp-image-481\" srcset=\"https:\/\/duudinka.com\/wp-content\/uploads\/2026\/03\/IMG_1601-768x1024.jpeg 768w, https:\/\/duudinka.com\/wp-content\/uploads\/2026\/03\/IMG_1601-225x300.jpeg 225w, https:\/\/duudinka.com\/wp-content\/uploads\/2026\/03\/IMG_1601-1152x1536.jpeg 1152w, https:\/\/duudinka.com\/wp-content\/uploads\/2026\/03\/IMG_1601-1536x2048.jpeg 1536w, https:\/\/duudinka.com\/wp-content\/uploads\/2026\/03\/IMG_1601-scaled.jpeg 1920w\" sizes=\"(max-width: 767px) 89vw, (max-width: 1000px) 54vw, (max-width: 1071px) 543px, 580px\" \/><figcaption>Le 27 janvier 2026 \u00a7 Bruxelles<\/figcaption><\/figure>\n\n\n\n<figure class=\"wp-block-embed-soundcloud wp-block-embed is-type-rich is-provider-soundcloud wp-embed-aspect-4-3 wp-has-aspect-ratio\"><div class=\"wp-block-embed__wrapper\">\n<iframe title=\"Lisa Bismuth joue ses vinyles sur Radio Campus  - Premier Mix by Duu Din Ka\" width=\"525\" height=\"400\" scrolling=\"no\" frameborder=\"no\" src=\"https:\/\/w.soundcloud.com\/player\/?visual=true&#038;url=https%3A%2F%2Fapi.soundcloud.com%2Ftracks%2F2262511646&#038;show_artwork=true&#038;maxheight=788&#038;maxwidth=525\"><\/iframe>\n<\/div><figcaption>Le 27 janvier 2025 &#8211; Radio Campus. Que garder des ann\u00e9es 80 ? Comment danser le tango ? Art Tatum et Fats Waller se sont ils rencontr\u00e9s ?<br>Ce mix fait beaucoup de choses, mais ne r\u00e9pond certainement pas \u00e0 ces questions.<\/figcaption><\/figure>\n\n\n\n<figure class=\"wp-block-embed-soundcloud wp-block-embed is-type-rich is-provider-soundcloud wp-embed-aspect-4-3 wp-has-aspect-ratio\"><div class=\"wp-block-embed__wrapper\">\n<iframe title=\"Faith in Being w\/ Humn &amp;ampamp; Duu Din Ka (09\/10\/24) by LYL Radio\" width=\"525\" height=\"400\" scrolling=\"no\" frameborder=\"no\" src=\"https:\/\/w.soundcloud.com\/player\/?visual=true&#038;url=https%3A%2F%2Fapi.soundcloud.com%2Ftracks%2F1933157549&#038;show_artwork=true&#038;maxheight=788&#038;maxwidth=525\"><\/iframe>\n<\/div><figcaption>Le 9 octobre 2024 &#8211; Lyl Radio ( invit\u00e9e par Humn )<\/figcaption><\/figure>\n","protected":false},"excerpt":{"rendered":"<p>Le Bismuth est un \u00e9l\u00e9ment chimique qui a tendance \u00e0 faire diminuer le point de fusion des alliages dans lesquels il est incorpor\u00e9.Lisa Bismuth, c&#8217;est la m\u00eame chose. Les tracks qu&#8217;elle rencontre sans vraiment les chercher, quelque part entre 1911 et 2070, en errance entre Maputo et Hong Kong, rendent un peu plus liquide. Des &hellip; <\/p>\n<p class=\"link-more\"><a href=\"https:\/\/duudinka.com\/?page_id=479\" class=\"more-link\">Continue reading<span class=\"screen-reader-text\"> &#8220;Lisa Bismuth&#8221;<\/span><\/a><\/p>\n","protected":false},"author":1,"featured_media":0,"parent":0,"menu_order":0,"comment_status":"closed","ping_status":"closed","template":"","meta":[],"_links":{"self":[{"href":"https:\/\/duudinka.com\/index.php?rest_route=\/wp\/v2\/pages\/479"}],"collection":[{"href":"https:\/\/duudinka.com\/index.php?rest_route=\/wp\/v2\/pages"}],"about":[{"href":"https:\/\/duudinka.com\/index.php?rest_route=\/wp\/v2\/types\/page"}],"author":[{"embeddable":true,"href":"https:\/\/duudinka.com\/index.php?rest_route=\/wp\/v2\/users\/1"}],"replies":[{"embeddable":true,"href":"https:\/\/duudinka.com\/index.php?rest_route=%2Fwp%2Fv2%2Fcomments&post=479"}],"version-history":[{"count":2,"href":"https:\/\/duudinka.com\/index.php?rest_route=\/wp\/v2\/pages\/479\/revisions"}],"predecessor-version":[{"id":485,"href":"https:\/\/duudinka.com\/index.php?rest_route=\/wp\/v2\/pages\/479\/revisions\/485"}],"wp:attachment":[{"href":"https:\/\/duudinka.com\/index.php?rest_route=%2Fwp%2Fv2%2Fmedia&parent=479"}],"curies":[{"name":"wp","href":"https:\/\/api.w.org\/{rel}","templated":true}]}}