{"id":7,"date":"2018-01-17T16:59:35","date_gmt":"2018-01-17T15:59:35","guid":{"rendered":"http:\/\/duudinka.com\/?page_id=7"},"modified":"2023-10-20T00:04:59","modified_gmt":"2023-10-19T22:04:59","slug":"a-propos-de","status":"publish","type":"page","link":"https:\/\/duudinka.com\/","title":{"rendered":"Bienvenue"},"content":{"rendered":"<p>Duu Din Ka,\u00a0 c&#8217;est surtout une histoire de sons.<br \/>De harpe, de chant, et d&#8217;\u00e9lectrons. De mots, de texte, de vid\u00e9os, de radio, de mouvement et de silence. De pluie sur un velux, de caf\u00e9 vers\u00e9 et de carte d\u00e9pli\u00e9e.<\/p>\n<p><em>Duu Din Ka is crawling in the world of sounds.<br \/>Between harp, singing, purring and wheeping, a bamboozled coffee and a smooth cello. A story of words, of video, radio, mouvement and silence. It&#8217;s all you can eat, but with your ears.<\/em><\/p>\n\n\n<p><\/p>\n","protected":false},"excerpt":{"rendered":"<p>Duu Din Ka,\u00a0 c&#8217;est surtout une histoire de sons.De harpe, de chant, et d&#8217;\u00e9lectrons. De mots, de texte, de vid\u00e9os, de radio, de mouvement et de silence. De pluie sur un velux, de caf\u00e9 vers\u00e9 et de carte d\u00e9pli\u00e9e. Duu Din Ka is crawling in the world of sounds.Between harp, singing, purring and wheeping, a &hellip; <\/p>\n<p class=\"link-more\"><a href=\"https:\/\/duudinka.com\/\" class=\"more-link\">Continue reading<span class=\"screen-reader-text\"> &#8220;Bienvenue&#8221;<\/span><\/a><\/p>\n","protected":false},"author":1,"featured_media":37,"parent":0,"menu_order":0,"comment_status":"closed","ping_status":"closed","template":"","meta":[],"_links":{"self":[{"href":"https:\/\/duudinka.com\/index.php?rest_route=\/wp\/v2\/pages\/7"}],"collection":[{"href":"https:\/\/duudinka.com\/index.php?rest_route=\/wp\/v2\/pages"}],"about":[{"href":"https:\/\/duudinka.com\/index.php?rest_route=\/wp\/v2\/types\/page"}],"author":[{"embeddable":true,"href":"https:\/\/duudinka.com\/index.php?rest_route=\/wp\/v2\/users\/1"}],"replies":[{"embeddable":true,"href":"https:\/\/duudinka.com\/index.php?rest_route=%2Fwp%2Fv2%2Fcomments&post=7"}],"version-history":[{"count":11,"href":"https:\/\/duudinka.com\/index.php?rest_route=\/wp\/v2\/pages\/7\/revisions"}],"predecessor-version":[{"id":415,"href":"https:\/\/duudinka.com\/index.php?rest_route=\/wp\/v2\/pages\/7\/revisions\/415"}],"wp:featuredmedia":[{"embeddable":true,"href":"https:\/\/duudinka.com\/index.php?rest_route=\/wp\/v2\/media\/37"}],"wp:attachment":[{"href":"https:\/\/duudinka.com\/index.php?rest_route=%2Fwp%2Fv2%2Fmedia&parent=7"}],"curies":[{"name":"wp","href":"https:\/\/api.w.org\/{rel}","templated":true}]}}