{"id":8,"date":"2018-01-17T16:59:35","date_gmt":"2018-01-17T15:59:35","guid":{"rendered":"http:\/\/duudinka.com\/?page_id=8"},"modified":"2020-05-11T01:06:00","modified_gmt":"2020-05-10T23:06:00","slug":"contact","status":"publish","type":"page","link":"https:\/\/duudinka.com\/?page_id=8","title":{"rendered":"Contact"},"content":{"rendered":"<p>Send your sentimental letters, pumkins and 122 caracters-long messages to<br \/>\nEnvoyez votre f\u00e8ve de Tonka, votre fi\u00e8vre du samedi midi, vos id\u00e9es \u00e0<\/p>\n<p>sound [at] duudinka.com<\/p>\n<p>Photo credit : Fred Guile, Ramon Guardans, Katya Greene, Bartosz Brzezinski.<\/p>\n","protected":false},"excerpt":{"rendered":"<p>Send your sentimental letters, pumkins and 122 caracters-long messages to Envoyez votre f\u00e8ve de Tonka, votre fi\u00e8vre du samedi midi, vos id\u00e9es \u00e0 sound [at] duudinka.com Photo credit : Fred Guile, Ramon Guardans, Katya Greene, Bartosz Brzezinski.<\/p>\n","protected":false},"author":1,"featured_media":35,"parent":0,"menu_order":0,"comment_status":"closed","ping_status":"closed","template":"","meta":[],"_links":{"self":[{"href":"https:\/\/duudinka.com\/index.php?rest_route=\/wp\/v2\/pages\/8"}],"collection":[{"href":"https:\/\/duudinka.com\/index.php?rest_route=\/wp\/v2\/pages"}],"about":[{"href":"https:\/\/duudinka.com\/index.php?rest_route=\/wp\/v2\/types\/page"}],"author":[{"embeddable":true,"href":"https:\/\/duudinka.com\/index.php?rest_route=\/wp\/v2\/users\/1"}],"replies":[{"embeddable":true,"href":"https:\/\/duudinka.com\/index.php?rest_route=%2Fwp%2Fv2%2Fcomments&post=8"}],"version-history":[{"count":8,"href":"https:\/\/duudinka.com\/index.php?rest_route=\/wp\/v2\/pages\/8\/revisions"}],"predecessor-version":[{"id":169,"href":"https:\/\/duudinka.com\/index.php?rest_route=\/wp\/v2\/pages\/8\/revisions\/169"}],"wp:featuredmedia":[{"embeddable":true,"href":"https:\/\/duudinka.com\/index.php?rest_route=\/wp\/v2\/media\/35"}],"wp:attachment":[{"href":"https:\/\/duudinka.com\/index.php?rest_route=%2Fwp%2Fv2%2Fmedia&parent=8"}],"curies":[{"name":"wp","href":"https:\/\/api.w.org\/{rel}","templated":true}]}}