{"id":93,"date":"2019-10-28T16:57:27","date_gmt":"2019-10-28T15:57:27","guid":{"rendered":"http:\/\/duudinka.com\/?page_id=93"},"modified":"2022-06-20T13:18:13","modified_gmt":"2022-06-20T11:18:13","slug":"album","status":"publish","type":"page","link":"https:\/\/duudinka.com\/?page_id=93","title":{"rendered":"Album"},"content":{"rendered":"\n<p>L&#8217;album Social Silicium a vu le jour en mai 2019 et vous pouvez le retrouver en t\u00e9l\u00e9chargement a prix libre sur <a href=\"https:\/\/duudinka.bandcamp.com\/album\/social-silicium\">Bandcamp<\/a>, ainsi que sur toutes les plateformes de streaming online.<br>Cet album peut raconter la rencontre glaciale entre l\u2019humanit\u00e9 et le num\u00e9rique, et le glissement qui peut s\u2019op\u00e9rer vers un progr\u00e8s technique aux d\u00e9pens des liens humains. Mais il peut surement raconter bien autre chose.<br>Plut\u00f4t pour groover, et r\u00eaver un peu.<br><em><br><\/em><\/p>\n\n\n\n<div class=\"wp-block-image\"><figure class=\"aligncenter\"><img loading=\"lazy\" width=\"300\" height=\"297\" src=\"http:\/\/duudinka.com\/wp-content\/uploads\/2019\/05\/social-300x297.png\" alt=\"\" class=\"wp-image-66\" srcset=\"https:\/\/duudinka.com\/wp-content\/uploads\/2019\/05\/social-300x297.png 300w, https:\/\/duudinka.com\/wp-content\/uploads\/2019\/05\/social-150x150.png 150w, https:\/\/duudinka.com\/wp-content\/uploads\/2019\/05\/social-100x100.png 100w, https:\/\/duudinka.com\/wp-content\/uploads\/2019\/05\/social.png 402w\" sizes=\"(max-width: 300px) 100vw, 300px\" \/><\/figure><\/div>\n\n\n<p><!--EndFragment--><\/p>\n\n\n<p>Mix\u00e9 par Hugo Colonval.<\/p>\n","protected":false},"excerpt":{"rendered":"<p>L&#8217;album Social Silicium a vu le jour en mai 2019 et vous pouvez le retrouver en t\u00e9l\u00e9chargement a prix libre sur Bandcamp, ainsi que sur toutes les plateformes de streaming online.Cet album peut raconter la rencontre glaciale entre l\u2019humanit\u00e9 et le num\u00e9rique, et le glissement qui peut s\u2019op\u00e9rer vers un progr\u00e8s technique aux d\u00e9pens des &hellip; <\/p>\n<p class=\"link-more\"><a href=\"https:\/\/duudinka.com\/?page_id=93\" class=\"more-link\">Continue reading<span class=\"screen-reader-text\"> &#8220;Album&#8221;<\/span><\/a><\/p>\n","protected":false},"author":1,"featured_media":0,"parent":0,"menu_order":0,"comment_status":"closed","ping_status":"closed","template":"","meta":[],"_links":{"self":[{"href":"https:\/\/duudinka.com\/index.php?rest_route=\/wp\/v2\/pages\/93"}],"collection":[{"href":"https:\/\/duudinka.com\/index.php?rest_route=\/wp\/v2\/pages"}],"about":[{"href":"https:\/\/duudinka.com\/index.php?rest_route=\/wp\/v2\/types\/page"}],"author":[{"embeddable":true,"href":"https:\/\/duudinka.com\/index.php?rest_route=\/wp\/v2\/users\/1"}],"replies":[{"embeddable":true,"href":"https:\/\/duudinka.com\/index.php?rest_route=%2Fwp%2Fv2%2Fcomments&post=93"}],"version-history":[{"count":7,"href":"https:\/\/duudinka.com\/index.php?rest_route=\/wp\/v2\/pages\/93\/revisions"}],"predecessor-version":[{"id":359,"href":"https:\/\/duudinka.com\/index.php?rest_route=\/wp\/v2\/pages\/93\/revisions\/359"}],"wp:attachment":[{"href":"https:\/\/duudinka.com\/index.php?rest_route=%2Fwp%2Fv2%2Fmedia&parent=93"}],"curies":[{"name":"wp","href":"https:\/\/api.w.org\/{rel}","templated":true}]}}